{"id":108,"date":"2016-09-11T20:12:18","date_gmt":"2016-09-11T18:12:18","guid":{"rendered":"http:\/\/2016.zilina.wordcamp.org\/?page_id=108"},"modified":"2016-09-16T11:56:51","modified_gmt":"2016-09-16T09:56:51","slug":"partneri","status":"publish","type":"page","link":"https:\/\/zilina.wordcamp.org\/2016\/partneri\/","title":{"rendered":"Partneri"},"content":{"rendered":"\n\t<div class=\"wcorg-sponsors\">\n\t\t\n\t\t\t<div class=\"wcorg-sponsor-level-gold\">\n\t\t\t\t<h2>Gold<\/h2>\n\n\t\t\t\t\n\t\t\t\t\t<div id=\"wcorg-sponsor-213\" class=\"wcorg-sponsor\">\n\t\t\t\t\t\t\t\t\t\t\t\t\t\t\t\t\t\t\t\t\t<h3>\n\t\t\t\t\t\t\t\t\tWooCommerce\t\t\t\t\t\t\t\t<\/h3>\n\t\t\t\t\t\t\t\t\t\t\t\t\t\n\t\t\t\t\t\t<div class=\"wcorg-sponsor-description\">\n\t\t\t\t\t\t\t\t\t\t\t\t\t\t\t<img loading=\"lazy\" decoding=\"async\" width=\"432\" height=\"87\" src=\"https:\/\/zilina.wordcamp.org\/2016\/files\/2016\/09\/woocommerce_logo.png\" class=\"attachment-wcb-sponsor-logo-horizontal-2x size-wcb-sponsor-logo-horizontal-2x wp-post-image\" alt=\"WooCommerce\" srcset=\"https:\/\/zilina.wordcamp.org\/2016\/files\/2016\/09\/woocommerce_logo.png 432w, https:\/\/zilina.wordcamp.org\/2016\/files\/2016\/09\/woocommerce_logo-300x60.png 300w\" sizes=\"auto, (max-width: 432px) 100vw, 432px\" \/>\t\t\t\t\t\t\t\n\t\t\t\t\t\t\t\t\t\t\t\t\t\t\t<p>WooCommerce is the fastest growing eCommerce software\/platform, powering over 30% of all eCommerce stores with over 1 million active installations. It is is built to integrate seamlessly with WordPress, making it the obvious eCommerce choice for existing WordPress users and connects you to the fast-growing WordPress ecosystem which now powers over 25% of all websites on the internet.<\/p>\n<p>With WooCommerce you can start with all the basic tools that any small business would need to start selling online, including product setup, payments, shipping options, and sales reports and as your business grows choose from over 300 premium add-ons available including additional payment processors, shipping methods, inventory systems and marketing tools anyone to sell anything, anywhere from real products and digital downloads to subscriptions, content and even your time.<\/p>\n<p>In July 2015, WooCommerce was acquired by Automattic, the creators of <a href=\"https:\/\/wordpress.com\" target=\"_blank\" rel=\"nofollow\">WordPress.com<\/a> which serves more than 15.8 billion pages a month and also the creators of other popular WordPress services including Akismet, Jetpack, and VaultPress. We look forward to growing WooCommerce to achieve even greater things together with Automattic.<\/p>\n\t\t\t\t\t\t\t\t\t\t\t\t\t<\/div>\n\t\t\t\t\t<\/div><!-- #sponsor -->\n\t\t\t\t\n\t\t\t\t\t<div id=\"wcorg-sponsor-215\" class=\"wcorg-sponsor\">\n\t\t\t\t\t\t\t\t\t\t\t\t\t\t\t\t\t\t\t\t\t<h3>\n\t\t\t\t\t\t\t\t\tJetpack\t\t\t\t\t\t\t\t<\/h3>\n\t\t\t\t\t\t\t\t\t\t\t\t\t\n\t\t\t\t\t\t<div class=\"wcorg-sponsor-description\">\n\t\t\t\t\t\t\t\t\t\t\t\t\t\t\t<img loading=\"lazy\" decoding=\"async\" width=\"1200\" height=\"420\" src=\"https:\/\/zilina.wordcamp.org\/2016\/files\/2016\/09\/jetpack-horizontal-white-bg.png\" class=\"attachment-wcb-sponsor-logo-horizontal-2x size-wcb-sponsor-logo-horizontal-2x wp-post-image\" alt=\"Jetpack\" srcset=\"https:\/\/zilina.wordcamp.org\/2016\/files\/2016\/09\/jetpack-horizontal-white-bg.png 1200w, https:\/\/zilina.wordcamp.org\/2016\/files\/2016\/09\/jetpack-horizontal-white-bg-300x105.png 300w, https:\/\/zilina.wordcamp.org\/2016\/files\/2016\/09\/jetpack-horizontal-white-bg-768x269.png 768w, https:\/\/zilina.wordcamp.org\/2016\/files\/2016\/09\/jetpack-horizontal-white-bg-1024x358.png 1024w, https:\/\/zilina.wordcamp.org\/2016\/files\/2016\/09\/jetpack-horizontal-white-bg-500x175.png 500w\" sizes=\"auto, (max-width: 1200px) 100vw, 1200px\" \/>\t\t\t\t\t\t\t\n\t\t\t\t\t\t\t\t\t\t\t\t\t\t\t<p>Jetpack is a free WordPress plugin that simplifies managing your sites. This single plugin enables Photon (a global CDN for images), uptime monitoring, brute force protection, traffic-boosting tools, single sign on, multiple-site management, and automatic or bulk plugin updates. Additionally Jetpack includes several features that help you customize the look and feel of your site without installing other tools. More information can be found at <a href=\"http:\/\/jetpack.me\/\" rel=\"nofollow\">jetpack.com<\/a>.<\/p>\n\t\t\t\t\t\t\t\t\t\t\t\t\t<\/div>\n\t\t\t\t\t<\/div><!-- #sponsor -->\n\t\t\t\t\n\t\t\t\t\t<div id=\"wcorg-sponsor-248\" class=\"wcorg-sponsor\">\n\t\t\t\t\t\t\t\t\t\t\t\t\t\t\t\t\t\t\t\t\t<h3>\n\t\t\t\t\t\t\t\t\tWebglobe &#8211; Yegon\t\t\t\t\t\t\t\t<\/h3>\n\t\t\t\t\t\t\t\t\t\t\t\t\t\n\t\t\t\t\t\t<div class=\"wcorg-sponsor-description\">\n\t\t\t\t\t\t\t\t\t\t\t\t\t\t\t<img loading=\"lazy\" decoding=\"async\" width=\"1113\" height=\"486\" src=\"https:\/\/zilina.wordcamp.org\/2016\/files\/2016\/09\/spolocne-logo-WGY_na-vysku.jpg\" class=\"attachment-wcb-sponsor-logo-horizontal-2x size-wcb-sponsor-logo-horizontal-2x wp-post-image\" alt=\"Webglobe &#8211; Yegon\" srcset=\"https:\/\/zilina.wordcamp.org\/2016\/files\/2016\/09\/spolocne-logo-WGY_na-vysku.jpg 1113w, https:\/\/zilina.wordcamp.org\/2016\/files\/2016\/09\/spolocne-logo-WGY_na-vysku-300x131.jpg 300w, https:\/\/zilina.wordcamp.org\/2016\/files\/2016\/09\/spolocne-logo-WGY_na-vysku-768x335.jpg 768w, https:\/\/zilina.wordcamp.org\/2016\/files\/2016\/09\/spolocne-logo-WGY_na-vysku-1024x447.jpg 1024w, https:\/\/zilina.wordcamp.org\/2016\/files\/2016\/09\/spolocne-logo-WGY_na-vysku-500x218.jpg 500w\" sizes=\"auto, (max-width: 1113px) 100vw, 1113px\" \/>\t\t\t\t\t\t\t\n\t\t\t\t\t\t\t\t\t\t\t\t\t\t\t<p><a href=\"https:\/\/www.webglobe.sk\/\" target=\"_blank\" rel=\"nofollow\">Webglobe<\/a> \u2013 <a href=\"https:\/\/www.yegon.sk\" rel=\"nofollow\">Yegon<\/a> patr\u00ed medzi popredn\u00fdch poskytovate\u013eov hostingov\u00fdch slu\u017eieb na Slovenku. Skvel\u00fa dostupnos\u0165 a vysok\u00fa spo\u013eahlivos\u0165 vyu\u017e\u00edvaj\u00fa najm\u00e4 podnikatelia a ich biznis weby. V ich portf\u00f3liu n\u00e1jdete hosting pre v\u0161etky weby \u2013 od zdie\u013ean\u00e9ho webhostingu, cez virtu\u00e1lne servery a\u017e po cloudov\u00e9 slu\u017eby. Samozrejmos\u0165ou je aj \u0161peci\u00e1lny zdie\u013ean\u00fd webhosting vyladen\u00fd pre WordPress.<\/p>\n\t\t\t\t\t\t\t\t\t\t\t\t\t<\/div>\n\t\t\t\t\t<\/div><!-- #sponsor -->\n\t\t\t\t\n\t\t\t\t\t<div id=\"wcorg-sponsor-264\" class=\"wcorg-sponsor\">\n\t\t\t\t\t\t\t\t\t\t\t\t\t\t\t\t\t\t\t\t\t<h3>\n\t\t\t\t\t\t\t\t\tELBIA\t\t\t\t\t\t\t\t<\/h3>\n\t\t\t\t\t\t\t\t\t\t\t\t\t\n\t\t\t\t\t\t<div class=\"wcorg-sponsor-description\">\n\t\t\t\t\t\t\t\t\t\t\t\t\t\t\t<img loading=\"lazy\" decoding=\"async\" width=\"940\" height=\"435\" src=\"https:\/\/zilina.wordcamp.org\/2016\/files\/2016\/09\/ELBIA-940x435.jpg\" class=\"attachment-wcb-sponsor-logo-horizontal-2x size-wcb-sponsor-logo-horizontal-2x wp-post-image\" alt=\"ELBIA\" srcset=\"https:\/\/zilina.wordcamp.org\/2016\/files\/2016\/09\/ELBIA-940x435.jpg 940w, https:\/\/zilina.wordcamp.org\/2016\/files\/2016\/09\/ELBIA-940x435-300x139.jpg 300w, https:\/\/zilina.wordcamp.org\/2016\/files\/2016\/09\/ELBIA-940x435-768x355.jpg 768w, https:\/\/zilina.wordcamp.org\/2016\/files\/2016\/09\/ELBIA-940x435-500x231.jpg 500w\" sizes=\"auto, (max-width: 940px) 100vw, 940px\" \/>\t\t\t\t\t\t\t\n\t\t\t\t\t\t\t\t\t\t\t\t\t\t\t<p><a href=\"http:\/\/www.elbiahosting.sk\/\" rel=\"nofollow\"><u><span style=\"color: #0066cc\">ELBIA\u00a0<\/span><\/u><\/a>je popredn\u00fd slovensk\u00fd poskytovate\u013e webhostingov\u00fdch a serverov\u00fdch slu\u017eieb. Od roku 2007 pomohla stovk\u00e1m klientov, zaregistrovala tis\u00edcky dom\u00e9n a vyhovela mili\u00f3nom po\u017eiadaviek. Popri hostingov\u00fdch a dom\u00e9nov\u00fdch produktoch prev\u00e1dzkuje aj \u0161pi\u010dkov\u00fa <a href=\"http:\/\/www.subhoster.com\/\" rel=\"nofollow\"><u><span style=\"color: #0066cc\">cloudov\u00fa platformu na poskytovanie vlastn\u00fdch webhostingov\u00fdch slu\u017eieb<\/span><\/u><\/a>. Sponzoringom komunitn\u00fdch akci\u00ed a finan\u010dnou a materi\u00e1lnou podporou open source softv\u00e9ru prispieva k rozvoju hlavne slovensk\u00e9ho webov\u00e9ho priestoru.<span class=\"im\"><br \/>\n<\/span><\/p>\n\t\t\t\t\t\t\t\t\t\t\t\t\t<\/div>\n\t\t\t\t\t<\/div><!-- #sponsor -->\n\t\t\t\t\t\t\t<\/div><!-- .wcorg-sponsor-level -->\n\t\t\n\t\t\t<div class=\"wcorg-sponsor-level-silver\">\n\t\t\t\t<h2>Silver<\/h2>\n\n\t\t\t\t\n\t\t\t\t\t<div id=\"wcorg-sponsor-217\" class=\"wcorg-sponsor\">\n\t\t\t\t\t\t\t\t\t\t\t\t\t\t\t\t\t\t\t\t\t<h3>\n\t\t\t\t\t\t\t\t\tGoDaddy\t\t\t\t\t\t\t\t<\/h3>\n\t\t\t\t\t\t\t\t\t\t\t\t\t\n\t\t\t\t\t\t<div class=\"wcorg-sponsor-description\">\n\t\t\t\t\t\t\t\t\t\t\t\t\t\t\t<img loading=\"lazy\" decoding=\"async\" width=\"600\" height=\"210\" src=\"https:\/\/zilina.wordcamp.org\/2016\/files\/2016\/09\/GoDaddy_Pro_transparent.png\" class=\"attachment-wcb-sponsor-logo-horizontal-2x size-wcb-sponsor-logo-horizontal-2x wp-post-image\" alt=\"GoDaddy\" srcset=\"https:\/\/zilina.wordcamp.org\/2016\/files\/2016\/09\/GoDaddy_Pro_transparent.png 600w, https:\/\/zilina.wordcamp.org\/2016\/files\/2016\/09\/GoDaddy_Pro_transparent-300x105.png 300w, https:\/\/zilina.wordcamp.org\/2016\/files\/2016\/09\/GoDaddy_Pro_transparent-500x175.png 500w\" sizes=\"auto, (max-width: 600px) 100vw, 600px\" \/>\t\t\t\t\t\t\t\n\t\t\t\t\t\t\t\t\t\t\t\t\t\t\t<p>GoDaddy&#8217;s mission is to radically shift the global economy toward small businesses by empowering people to easily start, confidently grow and successfully run their own ventures. With more than 12 million customers worldwide and 57 million domain names under management, <a href=\"https:\/\/www.godaddy.com\/pro\" rel=\"nofollow\">GoDaddy<\/a> gives small business owners the tools to name their idea, build a beautiful online presence, attract customers and manage their business.<\/p>\n\t\t\t\t\t\t\t\t\t\t\t\t\t<\/div>\n\t\t\t\t\t<\/div><!-- #sponsor -->\n\t\t\t\t\n\t\t\t\t\t<div id=\"wcorg-sponsor-219\" class=\"wcorg-sponsor\">\n\t\t\t\t\t\t\t\t\t\t\t\t\t\t\t\t\t\t\t\t\t<h3>\n\t\t\t\t\t\t\t\t\tBluehost\t\t\t\t\t\t\t\t<\/h3>\n\t\t\t\t\t\t\t\t\t\t\t\t\t\n\t\t\t\t\t\t<div class=\"wcorg-sponsor-description\">\n\t\t\t\t\t\t\t\t\t\t\t\t\t\t\t<img loading=\"lazy\" decoding=\"async\" width=\"651\" height=\"137\" src=\"https:\/\/zilina.wordcamp.org\/2016\/files\/2016\/09\/bh_logo_2015-e1474701789165.png\" class=\"attachment-wcb-sponsor-logo-horizontal-2x size-wcb-sponsor-logo-horizontal-2x wp-post-image\" alt=\"Bluehost\" \/>\t\t\t\t\t\t\t\n\t\t\t\t\t\t\t\t\t\t\t\t\t\t\t<p><a href=\"https:\/\/www.bluehost.com\/\" rel=\"nofollow\">Bluehost<\/a> has been a WordPress partner since 2005 and powers over 1 million WordPress sites worldwide. Their objective is to help customers, whether novice or pro, create a thriving online presence at an affordable price. With a team of in-house tech experts available 24\/7, Bluehost dedicates time and resources to providing the best support and services in the industry. Join millions of other site owners and see what Bluehost can do for you and your online presence.<\/p>\n\t\t\t\t\t\t\t\t\t\t\t\t\t<\/div>\n\t\t\t\t\t<\/div><!-- #sponsor -->\n\t\t\t\t\t\t\t<\/div><!-- .wcorg-sponsor-level -->\n\t\t\n\t\t\t<div class=\"wcorg-sponsor-level-bronze\">\n\t\t\t\t<h2>Bronze<\/h2>\n\n\t\t\t\t\n\t\t\t\t\t<div id=\"wcorg-sponsor-221\" class=\"wcorg-sponsor\">\n\t\t\t\t\t\t\t\t\t\t\t\t\t\t\t\t\t\t\t\t\t<h3>\n\t\t\t\t\t\t\t\t\tWPML\t\t\t\t\t\t\t\t<\/h3>\n\t\t\t\t\t\t\t\t\t\t\t\t\t\n\t\t\t\t\t\t<div class=\"wcorg-sponsor-description\">\n\t\t\t\t\t\t\t\t\t\t\t\t\t\t\t<img loading=\"lazy\" decoding=\"async\" width=\"1038\" height=\"300\" src=\"https:\/\/zilina.wordcamp.org\/2016\/files\/2016\/09\/wpml-web-e1433270709770.png\" class=\"attachment-wcb-sponsor-logo-horizontal-2x size-wcb-sponsor-logo-horizontal-2x wp-post-image\" alt=\"WPML\" srcset=\"https:\/\/zilina.wordcamp.org\/2016\/files\/2016\/09\/wpml-web-e1433270709770.png 1038w, https:\/\/zilina.wordcamp.org\/2016\/files\/2016\/09\/wpml-web-e1433270709770-300x87.png 300w, https:\/\/zilina.wordcamp.org\/2016\/files\/2016\/09\/wpml-web-e1433270709770-768x222.png 768w, https:\/\/zilina.wordcamp.org\/2016\/files\/2016\/09\/wpml-web-e1433270709770-1024x296.png 1024w, https:\/\/zilina.wordcamp.org\/2016\/files\/2016\/09\/wpml-web-e1433270709770-500x145.png 500w\" sizes=\"auto, (max-width: 1038px) 100vw, 1038px\" \/>\t\t\t\t\t\t\t\n\t\t\t\t\t\t\t\t\t\t\t\t\t\t\t<p>WPML premen\u00ed webov\u00e9 str\u00e1nky WordPress na viacjazy\u010dn\u00e9. Funguje s\u00a0doplnkami na ukladanie, SEO a\u00a0e-komerciu a\u00a0umo\u017e\u0148uje vytvori\u0165 kompletne viacjazy\u010dn\u00e9 str\u00e1nky. WPML posiln\u00ed jednoduch\u00e9 blogy ako aj firemn\u00e9 a\u00a0podnikov\u00e9 str\u00e1nky.<\/p>\n<p>WPML umo\u017e\u0148uje pou\u017e\u00edvate\u013eom prelo\u017ei\u0165 na str\u00e1nke v\u0161etko: obsah, ponuky, miniaplik\u00e1cie a\u00a0dokonca texty v\u00a0mot\u00edve a doplnkoch. WPML sa vyu\u017e\u00edva na viac ne\u017e 500 000 komer\u010dn\u00fdch webov\u00fdch str\u00e1nkach po celom svete.<\/p>\n<p>\u010eal\u0161ie inform\u00e1cie o\u00a0mo\u017enostiach viacjazy\u010dn\u00fdch str\u00e1nok n\u00e1jdete na str\u00e1nke\u00a0<a href=\"http:\/\/wpml.org\/\" rel=\"nofollow\">WPML.org<\/a><\/p>\n<p>H\u013ead\u00e1me talenty. Ak ste inteligentn\u00fd program\u00e1tor, budeme radi, ak sa s\u00a0nami spoj\u00edte na tejto str\u00e1nke: <a href=\"http:\/\/wpml.org\/home\/were-hiring\/\" rel=\"nofollow\">http:\/\/wpml.org\/home\/were-hiring\/<\/a>.<\/p>\n<hr \/>\n<div>WPML turns WordPress websites multilingual. It works with caching, SEO and E-Commerce plugins, and allows the building of complete multilingual sites. WPML powers simple blogs as well as corporate and enterprise sites.<\/div>\n<div>\n<p>WPML allows users to translate everything in the site, including content, menus, widgets and even theme and plugin texts. WPML powers over 500,000 commercial websites from all over the world.<\/p>\n<p>More information about going multilingual can be found at\u00a0<a href=\"http:\/\/wpml.org\/\" target=\"_blank\" rel=\"nofollow\">WPML.org<\/a><\/p>\n<p>We are looking for talent. If you are a smart programmer you are welcome to contact us here: <a href=\"http:\/\/wpml.org\/home\/were-hiring\/\" target=\"_blank\" rel=\"nofollow\">http:\/\/wpml.org\/home\/were-hiring\/<\/a>.<\/p>\n<\/div>\n\t\t\t\t\t\t\t\t\t\t\t\t\t<\/div>\n\t\t\t\t\t<\/div><!-- #sponsor -->\n\t\t\t\t\n\t\t\t\t\t<div id=\"wcorg-sponsor-518\" class=\"wcorg-sponsor\">\n\t\t\t\t\t\t\t\t\t\t\t\t\t\t\t\t\t\t\t\t\t<h3>\n\t\t\t\t\t\t\t\t\t24-pay.sk\t\t\t\t\t\t\t\t<\/h3>\n\t\t\t\t\t\t\t\t\t\t\t\t\t\n\t\t\t\t\t\t<div class=\"wcorg-sponsor-description\">\n\t\t\t\t\t\t\t\t\t\t\t\t\t\t\t<img loading=\"lazy\" decoding=\"async\" width=\"592\" height=\"166\" src=\"https:\/\/zilina.wordcamp.org\/2016\/files\/2016\/10\/24PAY_FARBA.png\" class=\"attachment-wcb-sponsor-logo-horizontal-2x size-wcb-sponsor-logo-horizontal-2x wp-post-image\" alt=\"24-pay.sk\" srcset=\"https:\/\/zilina.wordcamp.org\/2016\/files\/2016\/10\/24PAY_FARBA.png 592w, https:\/\/zilina.wordcamp.org\/2016\/files\/2016\/10\/24PAY_FARBA-300x84.png 300w, https:\/\/zilina.wordcamp.org\/2016\/files\/2016\/10\/24PAY_FARBA-500x140.png 500w\" sizes=\"auto, (max-width: 592px) 100vw, 592px\" \/>\t\t\t\t\t\t\t\n\t\t\t\t\t\t\t\t\t\t\t\t\t\t\t<p>\u201e<a href=\"https:\/\/www.24-pay.sk\" target=\"_blank\" rel=\"nofollow\">24-pay<\/a> je platobn\u00e1 in\u0161tit\u00facia regulovan\u00e1 NBS a\u00a0na z\u00e1klade jej povolenia opr\u00e1vnen\u00e1 slobodne poskytova\u0165 platobn\u00e9 slu\u017eby v\u00a0r\u00e1mci Eur\u00f3pskeho hospod\u00e1rskeho priestoru. Platobn\u00e1 br\u00e1na prin\u00e1\u0161a elektronick\u00fdm obchodn\u00edkom a\u00a0ich z\u00e1kazn\u00edkom bezpe\u010dn\u00e9 a\u00a0komfortn\u00e9 mo\u017enosti realiz\u00e1cie online platieb.<br \/>\nE-shoperom poskytujeme flexibilitu pri vo\u013ebe bezhotovostn\u00fdch platobn\u00fdch met\u00f3d, zjednodu\u0161enie spr\u00e1vy plat. procesov a\u00a0t\u00fdm \u00fasporu \u010dasov\u00fdch a\u00a0finan\u010dn\u00fdch zdrojov. Koncov\u00fdm z\u00e1kazn\u00edkom umo\u017e\u0148ujeme realizova\u0165 platby z\u00a0pohodlia ich domova \u010di kancel\u00e1rie s\u00a0d\u00f4razom na bezpe\u010dnos\u0165 a\u00a0r\u00fdchlos\u0165.<br \/>\nWeb developerom pon\u00fakame podporu pri implement\u00e1cii a\u00a0mo\u017enos\u0165 akt\u00edvne spolupracova\u0165 na produktovom v\u00fdvoji.\u201c<\/p>\n\t\t\t\t\t\t\t\t\t\t\t\t\t<\/div>\n\t\t\t\t\t<\/div><!-- #sponsor -->\n\t\t\t\t\t\t\t<\/div><!-- .wcorg-sponsor-level -->\n\t\t\t<\/div><!-- .wcorg-sponsors -->\n\n\t\n","protected":false},"excerpt":{"rendered":"","protected":false},"author":12187895,"featured_media":0,"parent":0,"menu_order":0,"comment_status":"closed","ping_status":"closed","template":"","meta":{"_crdt_document":"","jetpack_post_was_ever_published":false,"footnotes":""},"class_list":["post-108","page","type-page","status-publish","hentry"],"jetpack_sharing_enabled":true,"jetpack_shortlink":"https:\/\/wp.me\/P7HQ2k-1K","_links":{"self":[{"href":"https:\/\/zilina.wordcamp.org\/2016\/wp-json\/wp\/v2\/pages\/108","targetHints":{"allow":["GET"]}}],"collection":[{"href":"https:\/\/zilina.wordcamp.org\/2016\/wp-json\/wp\/v2\/pages"}],"about":[{"href":"https:\/\/zilina.wordcamp.org\/2016\/wp-json\/wp\/v2\/types\/page"}],"author":[{"embeddable":true,"href":"https:\/\/zilina.wordcamp.org\/2016\/wp-json\/wp\/v2\/users\/12187895"}],"replies":[{"embeddable":true,"href":"https:\/\/zilina.wordcamp.org\/2016\/wp-json\/wp\/v2\/comments?post=108"}],"version-history":[{"count":2,"href":"https:\/\/zilina.wordcamp.org\/2016\/wp-json\/wp\/v2\/pages\/108\/revisions"}],"predecessor-version":[{"id":197,"href":"https:\/\/zilina.wordcamp.org\/2016\/wp-json\/wp\/v2\/pages\/108\/revisions\/197"}],"wp:attachment":[{"href":"https:\/\/zilina.wordcamp.org\/2016\/wp-json\/wp\/v2\/media?parent=108"}],"curies":[{"name":"wp","href":"https:\/\/api.w.org\/{rel}","templated":true}]}}