{"id":114,"date":"2016-09-11T20:22:19","date_gmt":"2016-09-11T18:22:19","guid":{"rendered":"http:\/\/2016.zilina.wordcamp.org\/?page_id=114"},"modified":"2017-10-18T13:53:10","modified_gmt":"2017-10-18T11:53:10","slug":"kodex","status":"publish","type":"page","link":"https:\/\/zilina.wordcamp.org\/2016\/o-wordcamp\/kodex\/","title":{"rendered":"K\u00f3dex"},"content":{"rendered":"<ol>\n<li>\n<h3>Cie\u013e<\/h3>\n<p>T\u00edm <em>WordCamp \u017dilina<\/em>\u00a0si mysl\u00ed, \u017ee na\u0161a komunita by mala by\u0165 otvoren\u00e1 naozaj pre v\u0161etk\u00fdch. Zav\u00e4zujeme sa preto poskytn\u00fa\u0165 priate\u013esk\u00e9 a pr\u00edjemn\u00e9 prostredie nez\u00e1visle od rodu, sexu\u00e1lnej orient\u00e1cie, postihnutia, n\u00e1rodnosti, n\u00e1bo\u017eenstva, preferovan\u00e9ho opera\u010dn\u00e9ho syst\u00e9mu, programovacieho jazyku \u010di textov\u00e9ho editora na\u0161ich n\u00e1v\u0161tevn\u00edkov.<\/p>\n<p>Tento k\u00f3dex stanovuje ist\u00e9 pravidl\u00e1 o\u010dak\u00e1van\u00e9ho spr\u00e1vania n\u00e1v\u0161tevn\u00edkov, rovnako ako n\u00e1sledky spr\u00e1vania sa, ktor\u00e9 bude proti t\u00fdmto pravidl\u00e1m.<\/p>\n<p>Poz\u00fdvame v\u0161etk\u00fdch dobrovo\u013en\u00edkov, predn\u00e1\u0161aj\u00facich, sponzorov, n\u00e1v\u0161tevn\u00edkov i ostatn\u00fdch z\u00fa\u010dastnen\u00fdch k tomu, aby pomohli vytvori\u0165 predpoklady pre pozit\u00edvny a bezpe\u010dn\u00fd z\u00e1\u017eitok pre v\u0161etk\u00fdch.<\/li>\n<li>\n<h3>Open Source ob\u010dianstvo<\/h3>\n<p>Doplnkov\u00fdm cie\u013eom tohto k\u00f3dexu je zv\u00fd\u0161i\u0165 povedomie o Open Source ob\u010dianstve povzbuden\u00edm \u00fa\u010dastn\u00edkov, aby sa neb\u00e1li vyzdvihn\u00fa\u0165 a posilni\u0165 vz\u0165ahy medzi ich pr\u00e1cou a \u0161ir\u0161ou komunitou.<\/li>\n<li>\n<h3>O\u010dak\u00e1van\u00e9 spr\u00e1vanie<\/h3>\n<ul>\n<li>Bu\u010f oh\u013eadupln\u00fd a pristupuj k \u013eu\u010fom s \u00factou a ochotou spolupracova\u0165.<\/li>\n<li>Bu\u010f si vedom\u00fd svojho okolia a svojich spolu\u00fa\u010dastn\u00edkov. Upovedom organiz\u00e1torov konferencie, ak si v\u0161imne\u0161 nebezpe\u010dn\u00fa situ\u00e1ciu alebo niekoho v n\u00fadzi.<\/li>\n<li>Podie\u013eaj sa na autentickej a akt\u00edvnej \u00fa\u010dasti na konferencii <em>WordCamp Bratislava<\/em> \u2013 aj ty ju pom\u00e1ha\u0161 vytv\u00e1ra\u0165.<\/li>\n<li>V\u0161etky priestory konferencie m\u00f4\u017eu by\u0165 pr\u00edstupn\u00e9 verejnosti; ku v\u0161etk\u00fdm \u010dlenom verejnosti pristupuj s re\u0161pektom.<\/li>\n<\/ul>\n<\/li>\n<li>\n<h3>Neprijate\u013en\u00e9 spr\u00e1vanie<\/h3>\n<p>Neprijate\u013en\u00e9 spr\u00e1vanie zah\u0155\u0148a: zastra\u0161ovanie, ob\u0165a\u017eovanie, hrub\u00e9, diskrimina\u010dn\u00e9, poni\u017euj\u00face alebo inak \u0161kodliv\u00e9 spr\u00e1vanie sa n\u00e1v\u0161tevn\u00edkov <em>WordCamp \u017dilina<\/em>\u00a0a spriaznen\u00fdch akci\u00ed.<\/p>\n<p>Medzi ob\u0165a\u017eovanie patr\u00ed: ofenz\u00edvne slovn\u00e9 vyjadrenia s\u00favisiace s rodom, sexu\u00e1lnou orient\u00e1ciou, rasou, n\u00e1bo\u017eenstvom, postihnut\u00edm; nevhodn\u00e9 pou\u017eitie nahoty a\/alebo sexu\u00e1lnych obrazov vo verejn\u00fdch priestoroch (vr\u00e1tane prezent\u00e1ci\u00ed); z\u00e1mern\u00e9 zastra\u0161ovanie alebo prenasledovanie; ob\u0165a\u017euj\u00face fotografovanie alebo nahr\u00e1vanie; vytrval\u00e9 preru\u0161ovanie predn\u00e1\u0161ok, deb\u00e1t alebo in\u00fdch podujat\u00ed; nevhodn\u00fd fyzick\u00fd kontakt, nev\u00edtan\u00e9 sexu\u00e1lne nar\u00e1\u017eky a in\u00e9 prejavy pozornosti.<\/li>\n<li>\n<h3>N\u00e1sledky neprijate\u013en\u00e9ho spr\u00e1vania<\/h3>\n<p>Neprijate\u013en\u00e9 spr\u00e1vanie nebude tolerovan\u00e9 ostatn\u00fdmi n\u00e1v\u0161tevn\u00edkmi, organiz\u00e1tormi, zamestnancami prenajat\u00fdch priestorov, sponzormi ani in\u00fdmi priaznivcami konferencie <em>WordCamp \u017dilina<\/em>.<\/p>\n<p>O\u010dak\u00e1vame, \u017ee ka\u017ed\u00fd, kto bude upozornen\u00fd aby s tak\u00fdmto spr\u00e1van\u00edm prestal, tak ukam\u017eite urob\u00ed.<\/p>\n<p>Ak sa za\u010dne n\u00e1v\u0161tevn\u00edk spr\u00e1va\u0165 neprijate\u013ene, organiz\u00e1tori konferencie m\u00f4\u017eu prist\u00fapi\u0165 k ak\u00fdmko\u013evek krokom ktor\u00e9 bud\u00fa pova\u017eova\u0165 za vhodn\u00e9, vr\u00e1tane vyhostenia z konferencie bez varovania alebo vr\u00e1tenia pe\u0148az\u00ed.<\/li>\n<li>\n<h3>\u010co robi\u0165, ke\u010f si svedkom alebo obe\u0165ou neprijate\u013en\u00e9ho spr\u00e1vania<\/h3>\n<p>Ak si obe\u0165ou neprijate\u013en\u00e9ho spr\u00e1vania alebo si v\u0161imne\u0161, \u017ee je obe\u0165ou niekto in\u00fd, upovedom pros\u00edm bezodkladne organiz\u00e1tora konferencie.<\/p>\n<p>T\u00edm konferencie <em>WordCamp \u017dilina<\/em>\u00a0je k dispoz\u00edcii i na to, aby v pr\u00edpade potreby pomohol \u00fa\u010dastn\u00edkom privola\u0165 bezpe\u010dnostn\u00fa slu\u017ebu priestorov alebo pol\u00edciu, poskytol doprovod, alebo inak pomohol obetiam neprijate\u013en\u00e9ho spr\u00e1vania c\u00edti\u0165 sa bezpe\u010dne po\u010das trvania konferencie.<br \/>\nDobrovo\u013en\u00edci bud\u00fa ozna\u010den\u00ed. Ka\u017ed\u00fd dobrovo\u013en\u00edk \u0165a m\u00f4\u017ee spoji\u0165 s organiz\u00e1torom konferencie. Organiz\u00e1torov m\u00f4\u017ee\u0161 tie\u017e kontaktova\u0165 pri informa\u010dnom stole.<\/li>\n<li>\n<h3>Rozsah<\/h3>\n<p>O\u010dak\u00e1vame, \u017ee t\u00fdmto k\u00f3dexom spr\u00e1vania sa bud\u00fa riadi\u0165 v\u0161etci \u00fa\u010dastn\u00edci konferencie (sponzori, dobrovo\u013en\u00edci, predn\u00e1\u0161aj\u00faci, n\u00e1v\u0161tevn\u00edci a aj ostatn\u00ed hostia) vo v\u0161etk\u00fdch priestoroch konferencie aj pridru\u017een\u00fdch akci\u00ed.<\/li>\n<li>\n<h3>Kontaktn\u00e9 \u00fadaje<\/h3>\n<p>Kontaktn\u00e9 inform\u00e1cie n\u00e1jde\u0161 na str\u00e1nke <a href=\"https:\/\/2016.bratislava.wordcamp.org\/kontakt\/\">Kontakt<\/a><\/li>\n<li>\n<h3>Licencia a autorstvo<\/h3>\n<p>Tento k\u00f3dex spr\u00e1vania sa je mierne upraven\u00fdm k\u00f3dexom konferencie Open Source Bridge, s doplnen\u00fdmi inform\u00e1ciami na\u0161ej konferencie. Origin\u00e1l je vydan\u00fd pod licenciou<br \/>\n<a href=\"http:\/\/creativecommons.org\/licenses\/by-sa\/3.0\/\">Creative Commons Attribution-ShareAlike<\/a> a dostupn\u00fd na adrese<br \/>\n<a href=\"http:\/\/opensourcebridge.org\/about\/code-of-conduct\/\">http:\/\/opensourcebridge.org\/about\/code-of-conduct\/<\/a><\/li>\n<\/ol>\n","protected":false},"excerpt":{"rendered":"<p>Cie\u013e T\u00edm WordCamp \u017dilina\u00a0si mysl\u00ed, \u017ee na\u0161a komunita by mala by\u0165 otvoren\u00e1 naozaj pre v\u0161etk\u00fdch. Zav\u00e4zujeme sa preto poskytn\u00fa\u0165 priate\u013esk\u00e9 a pr\u00edjemn\u00e9 prostredie nez\u00e1visle od rodu, sexu\u00e1lnej orient\u00e1cie, postihnutia, n\u00e1rodnosti, n\u00e1bo\u017eenstva, preferovan\u00e9ho opera\u010dn\u00e9ho syst\u00e9mu, programovacieho jazyku \u010di textov\u00e9ho editora na\u0161ich &hellip; <a href=\"https:\/\/zilina.wordcamp.org\/2016\/o-wordcamp\/kodex\/\">Pokra\u010dova\u0165 v \u010d\u00edtan\u00ed <span class=\"meta-nav\">&rarr;<\/span><\/a><\/p>\n","protected":false},"author":12187895,"featured_media":0,"parent":2,"menu_order":0,"comment_status":"closed","ping_status":"closed","template":"sidebar-page.php","meta":{"_crdt_document":"","jetpack_post_was_ever_published":false,"footnotes":""},"class_list":["post-114","page","type-page","status-publish","hentry"],"jetpack_sharing_enabled":true,"jetpack_shortlink":"https:\/\/wp.me\/P7HQ2k-1Q","_links":{"self":[{"href":"https:\/\/zilina.wordcamp.org\/2016\/wp-json\/wp\/v2\/pages\/114","targetHints":{"allow":["GET"]}}],"collection":[{"href":"https:\/\/zilina.wordcamp.org\/2016\/wp-json\/wp\/v2\/pages"}],"about":[{"href":"https:\/\/zilina.wordcamp.org\/2016\/wp-json\/wp\/v2\/types\/page"}],"author":[{"embeddable":true,"href":"https:\/\/zilina.wordcamp.org\/2016\/wp-json\/wp\/v2\/users\/12187895"}],"replies":[{"embeddable":true,"href":"https:\/\/zilina.wordcamp.org\/2016\/wp-json\/wp\/v2\/comments?post=114"}],"version-history":[{"count":4,"href":"https:\/\/zilina.wordcamp.org\/2016\/wp-json\/wp\/v2\/pages\/114\/revisions"}],"predecessor-version":[{"id":300,"href":"https:\/\/zilina.wordcamp.org\/2016\/wp-json\/wp\/v2\/pages\/114\/revisions\/300"}],"up":[{"embeddable":true,"href":"https:\/\/zilina.wordcamp.org\/2016\/wp-json\/wp\/v2\/pages\/2"}],"wp:attachment":[{"href":"https:\/\/zilina.wordcamp.org\/2016\/wp-json\/wp\/v2\/media?parent=114"}],"curies":[{"name":"wp","href":"https:\/\/api.w.org\/{rel}","templated":true}]}}