{"id":127,"date":"2016-09-13T20:58:51","date_gmt":"2016-09-13T18:58:51","guid":{"rendered":"http:\/\/2016.zilina.wordcamp.org\/?page_id=127"},"modified":"2016-09-24T19:10:48","modified_gmt":"2016-09-24T17:10:48","slug":"hladame","status":"publish","type":"page","link":"https:\/\/zilina.wordcamp.org\/2016\/o-wordcamp\/hladame\/","title":{"rendered":"H\u013ead\u00e1me"},"content":{"rendered":"<p><strong>Pripravujeme WordCamp \u017dilina<\/strong><\/p>\n<p>Po \u00faspe\u0161n\u00fdch WordCampoch Slovensko a Bratislava sa stretnutie nad\u0161encov WordPress WordCamp uskuto\u010dn\u00ed v okt\u00f3bri aj v \u017diline.<\/p>\n<p>U\u017e <strong>29. okt\u00f3bra 2016<\/strong> na p\u00f4de <strong>\u017dilinskej univerzity v \u017diline<\/strong> zaznie v\u00fdber predn\u00e1\u0161ok kvalifikovan\u00fdch speakrov zo sveta WordPress. WordCamp \u017dilina bude z\u00e1rove\u0148 skvelou pr\u00edle\u017eitos\u0165ou stretn\u00fa\u0165 sa s \u010fal\u0161\u00edmi nad\u0161encami WordPress, poradi\u0165 sa s probl\u00e9mami pri pou\u017e\u00edvan\u00ed \u010di dozvedie\u0165 sa o novink\u00e1ch vo WordPress.<\/p>\n<p>Ak m\u00e1te z\u00e1ujem podie\u013ea\u0165 sa na pr\u00edprave WordCamp \u017dilina, h\u013ead\u00e1me speakrov, partnerov a dobrovo\u013en\u00edkov pri organiz\u00e1cii.<br \/>\n<strong><br \/>\nH\u013ead\u00e1me speakrov<\/strong><\/p>\n<p>H\u013ead\u00e1me 6 speakrov, ktor\u00ed sa na WordCamp \u017dilina podelia so svojimi sk\u00fasenos\u0165ami s WordPress. Predn\u00e1\u0161ky maj\u00fa \u0161tandardn\u00fa d\u013a\u017eku 30 min\u00fat, \u010fal\u0161\u00edch 15 min\u00fat je ur\u010den\u00fdch na ot\u00e1zky a diskusiu s publikom. Deadline pre prihl\u00e1senie je 30.9.2016.<\/p>\n<p><strong>H\u013ead\u00e1me partnerov<\/strong><\/p>\n<p>H\u013ead\u00e1me subjekty, ktor\u00e9 podporia organiz\u00e1ciu WordCampu bu\u010f finan\u010dne alebo in\u00fdm pr\u00edspevkom &#8211; napr\u00edklad zabezpe\u010den\u00edm ob\u010derstvenia, tla\u010de let\u00e1kov a menoviek, tri\u010diek \u010di in\u00fdch dar\u010dekov pre \u00fa\u010dastn\u00edkov. Rovnako h\u013ead\u00e1me aj partnerov, ktor\u00ed by n\u00e1m pomohli spropagova\u0165 udalos\u0165 medzi fan\u00fa\u0161ikmi WordPress.<\/p>\n<p><strong>H\u013ead\u00e1me organiz\u00e1torov<\/strong><\/p>\n<p>H\u013ead\u00e1me dobrovo\u013en\u00edkov, ktor\u00ed by prispeli pri organiza\u010dnom zabezpe\u010den\u00ed WordCampu &#8211; pri jeho pr\u00edprave a tie\u017e po\u010das samotnej konferencie. V\u00edtan\u00ed s\u00fa najm\u00e4 fan\u00fa\u0161ikovia WordPress. Skvel\u00e1 pr\u00edle\u017eitos\u0165 pre v\u0161etk\u00fdch WordPress\u00e1kov, ktor\u00ed sa chc\u00fa akt\u00edvne podie\u013ea\u0165 na WordCamp \u017dilina.<\/p>\n<p>Ak sa chcete zapoji\u0165 ak\u00fdmko\u013evek sp\u00f4sobom, nap\u00ed\u0161te na <a href=\"mailto:wordcampzilina@gmail.com\">wordcampzilina@gmail.com<\/a>\u00a0a\u00a0organiza\u010dn\u00fd t\u00edm WordCamp \u017dilina v\u00e1s bude kontaktova\u0165.<\/p>\n<p>Te\u0161\u00edme sa na v\u00e1s na WordCamp \u017dilina u\u017e v okt\u00f3bri!<\/p>\n","protected":false},"excerpt":{"rendered":"<p>Pripravujeme WordCamp \u017dilina Po \u00faspe\u0161n\u00fdch WordCampoch Slovensko a Bratislava sa stretnutie nad\u0161encov WordPress WordCamp uskuto\u010dn\u00ed v okt\u00f3bri aj v \u017diline. U\u017e 29. okt\u00f3bra 2016 na p\u00f4de \u017dilinskej univerzity v \u017diline zaznie v\u00fdber predn\u00e1\u0161ok kvalifikovan\u00fdch speakrov zo sveta WordPress. WordCamp \u017dilina &hellip; <a href=\"https:\/\/zilina.wordcamp.org\/2016\/o-wordcamp\/hladame\/\">Pokra\u010dova\u0165 v \u010d\u00edtan\u00ed <span class=\"meta-nav\">&rarr;<\/span><\/a><\/p>\n","protected":false},"author":12187895,"featured_media":0,"parent":2,"menu_order":0,"comment_status":"closed","ping_status":"closed","template":"sidebar-page.php","meta":{"_crdt_document":"","jetpack_post_was_ever_published":false,"footnotes":""},"class_list":["post-127","page","type-page","status-publish","hentry"],"jetpack_sharing_enabled":true,"jetpack_shortlink":"https:\/\/wp.me\/P7HQ2k-23","_links":{"self":[{"href":"https:\/\/zilina.wordcamp.org\/2016\/wp-json\/wp\/v2\/pages\/127","targetHints":{"allow":["GET"]}}],"collection":[{"href":"https:\/\/zilina.wordcamp.org\/2016\/wp-json\/wp\/v2\/pages"}],"about":[{"href":"https:\/\/zilina.wordcamp.org\/2016\/wp-json\/wp\/v2\/types\/page"}],"author":[{"embeddable":true,"href":"https:\/\/zilina.wordcamp.org\/2016\/wp-json\/wp\/v2\/users\/12187895"}],"replies":[{"embeddable":true,"href":"https:\/\/zilina.wordcamp.org\/2016\/wp-json\/wp\/v2\/comments?post=127"}],"version-history":[{"count":5,"href":"https:\/\/zilina.wordcamp.org\/2016\/wp-json\/wp\/v2\/pages\/127\/revisions"}],"predecessor-version":[{"id":307,"href":"https:\/\/zilina.wordcamp.org\/2016\/wp-json\/wp\/v2\/pages\/127\/revisions\/307"}],"up":[{"embeddable":true,"href":"https:\/\/zilina.wordcamp.org\/2016\/wp-json\/wp\/v2\/pages\/2"}],"wp:attachment":[{"href":"https:\/\/zilina.wordcamp.org\/2016\/wp-json\/wp\/v2\/media?parent=127"}],"curies":[{"name":"wp","href":"https:\/\/api.w.org\/{rel}","templated":true}]}}