{"id":151,"date":"2016-09-16T10:22:30","date_gmt":"2016-09-16T08:22:30","guid":{"rendered":"http:\/\/2016.zilina.wordcamp.org\/?page_id=151"},"modified":"2016-09-24T19:09:59","modified_gmt":"2016-09-24T17:09:59","slug":"organizatori","status":"publish","type":"page","link":"https:\/\/zilina.wordcamp.org\/2016\/o-wordcamp\/organizatori\/","title":{"rendered":"Organiza\u010dn\u00fd t\u00edm"},"content":{"rendered":"\t<div class=\"wcorg-organizers\">\n\n\t\t\n\t\t\t<div class=\"wcorg-organizer\">\n\t\t\t\t<h2>Martina Nov\u00e1kov\u00e1<\/h2>\n\t\t\t\t<div class=\"wcorg-organizer-description\">\n\t\t\t\t\t\t\t\t\t\t<img alt='' src='https:\/\/secure.gravatar.com\/avatar\/b0e17ac5d4e2d449d760efd7e7560cd7122b325c56f6d4eda0ffc413e3ca59a2?s=100&#038;d=mm&#038;r=g' srcset='https:\/\/secure.gravatar.com\/avatar\/b0e17ac5d4e2d449d760efd7e7560cd7122b325c56f6d4eda0ffc413e3ca59a2?s=200&#038;d=mm&#038;r=g 2x' class='avatar avatar-100 photo' height='100' width='100' \/>\t\t\t\t\t<p>Venujem sa WordPressu nieko\u013eko rokov, tvor\u00edm str\u00e1nky, \u0161kol\u00edm a st\u00e1le sa nie\u010do nov\u00e9 u\u010d\u00edm. M\u00f4\u017eete ma stretn\u00fa\u0165 na WordPress meetupoch v \u017diline, ktor\u00e9 organizujem spolu s&nbsp;kolegynkou L\u00edviou. <strong>Poz\u00fdvam v\u0161etk\u00fdch na WordCamp \u017dilina 29. okt\u00f3bra 2016 na \u017dilinsk\u00fa univerzitu.<\/strong><\/p>\n\t\t\t\t<\/div>\n\t\t\t<\/div>\n\n\t\t\n\t\t\t<div class=\"wcorg-organizer\">\n\t\t\t\t<h2>Patrik Priesol<\/h2>\n\t\t\t\t<div class=\"wcorg-organizer-description\">\n\t\t\t\t\t\t\t\t\t\t<img alt='' src='https:\/\/secure.gravatar.com\/avatar\/952850ad8db1c1a02fe405fd08e548ddc6d4902a2ce3f3e59bacc9d6d1caae48?s=100&#038;d=mm&#038;r=g' srcset='https:\/\/secure.gravatar.com\/avatar\/952850ad8db1c1a02fe405fd08e548ddc6d4902a2ce3f3e59bacc9d6d1caae48?s=200&#038;d=mm&#038;r=g 2x' class='avatar avatar-100 photo' height='100' width='100' \/>\t\t\t\t\t<p>Venujem sa WordPressu u\u017e nieko\u013eko rokov, Som po\u010d\u00edta\u010dov\u00fd program\u00e1tor.\u00a0Programujem\u00a0webov\u00e9 str\u00e1nky a programy pre Windows a Linux.\u00a0Som akt\u00edvny \u010dlen WordPress meetupoch v&nbsp;\u017diline.<\/p>\n\t\t\t\t<\/div>\n\t\t\t<\/div>\n\n\t\t\n\t\t\t<div class=\"wcorg-organizer\">\n\t\t\t\t<h2>Pavol Caban<\/h2>\n\t\t\t\t<div class=\"wcorg-organizer-description\">\n\t\t\t\t\t\t\t\t\t\t<img alt='' src='https:\/\/secure.gravatar.com\/avatar\/afcb14cb85015556bcf7e77fbd5224c7d037a571f7ba100d96b5961e4e805765?s=100&#038;d=mm&#038;r=g' srcset='https:\/\/secure.gravatar.com\/avatar\/afcb14cb85015556bcf7e77fbd5224c7d037a571f7ba100d96b5961e4e805765?s=200&#038;d=mm&#038;r=g 2x' class='avatar avatar-100 photo' height='100' width='100' \/>\t\t\t\t\t<p>S WordPress som sa prv\u00fdkr\u00e1t stretol, ke\u010f pri\u00a0\u0148om svietila verzia 3.4 a odvtedy ma chytil a nepustil. Moment\u00e1lne\u00a0pracujem ako frontend k\u00f3der vo Webikone, kde vytv\u00e1ram WordPress t\u00e9my na mieru. Tie\u017e som akt\u00edvnym \u010dlenom \u017eilinsk\u00fdch meetupov.<\/p>\n\t\t\t\t<\/div>\n\t\t\t<\/div>\n\n\t\t\n\t\t\t<div class=\"wcorg-organizer\">\n\t\t\t\t<h2>L\u00edvia Go\u010dalov\u00e1<\/h2>\n\t\t\t\t<div class=\"wcorg-organizer-description\">\n\t\t\t\t\t\t\t\t\t\t<img alt='' src='https:\/\/secure.gravatar.com\/avatar\/cb8148172a6403b146bafff55917f8241a48b881ab090bea4443146f0c3b3dcd?s=100&#038;d=mm&#038;r=g' srcset='https:\/\/secure.gravatar.com\/avatar\/cb8148172a6403b146bafff55917f8241a48b881ab090bea4443146f0c3b3dcd?s=200&#038;d=mm&#038;r=g 2x' class='avatar avatar-100 photo' height='100' width='100' \/>\t\t\t\t\t<p>K WordPress ma priviedla kolegynka Ma\u0165a. Odvtedy sme u\u017e p\u00e1r str\u00e1nok vytvorili, vy\u0161kolili nov\u00fdch pou\u017e\u00edvate\u013eov a sna\u017e\u00edme sa im pom\u00f4c\u0165 aj v oblasti SEO a online marketingu. Za\u010dali sme organizova\u0165 WordPress meetupy v \u017diline a ver\u00edm, \u017ee WordCamp bude ich skvel\u00fdm pokra\u010dovan\u00edm \ud83d\ude42<\/p>\n\t\t\t\t<\/div>\n\t\t\t<\/div>\n\n\t\t\n\t\t\t<div class=\"wcorg-organizer\">\n\t\t\t\t<h2>Pe\u0165o G\u00e1bri\u0161<\/h2>\n\t\t\t\t<div class=\"wcorg-organizer-description\">\n\t\t\t\t\t\t\t\t\t\t<img alt='' src='https:\/\/secure.gravatar.com\/avatar\/?s=100&#038;d=mm&#038;r=g' srcset='https:\/\/secure.gravatar.com\/avatar\/?s=200&#038;d=mm&#038;r=g 2x' class='avatar avatar-100 photo avatar-default' height='100' width='100' \/>\t\t\t\t\t<p>S WordPressom pracujem posledn\u00e9 dva roky takmer ka\u017ed\u00fd de\u0148. M\u00e1m na \u0148om zalo\u017een\u00fdch nieko\u013eko projektov, ktor\u00e9 maj\u00fa dohromady mesa\u010dn\u00fa n\u00e1v\u0161tevnos\u0165 viac ako 100 000 n\u00e1v\u0161tev. Tak\u017ee tento syst\u00e9m je vhodn\u00fd aj na v\u00e4\u010d\u0161ie projekty. Okolo WordPressu sa vytv\u00e1ra skvel\u00e1 komunita a som r\u00e1d, \u017ee aj \u017dilina bude miestom, kde sa m\u00f4\u017eu stretn\u00fa\u0165 WordPress nad\u0161enci a v\u0161etci ostatn\u00ed, ktor\u00fdch tento redak\u010dn\u00fd syst\u00e9m aspo\u0148 trochu zauj\u00edma.<\/p>\n\t\t\t\t<\/div>\n\t\t\t<\/div>\n\n\t\t\n\t\t\t<div class=\"wcorg-organizer\">\n\t\t\t\t<h2>Monika Z\u00e1bojn\u00edkov\u00e1<\/h2>\n\t\t\t\t<div class=\"wcorg-organizer-description\">\n\t\t\t\t\t\t\t\t\t\t<img alt='' src='https:\/\/secure.gravatar.com\/avatar\/904c59f13e83c883d372a665aeba617057e9c6c26fe32d7ede5efda61674352f?s=100&#038;d=mm&#038;r=g' srcset='https:\/\/secure.gravatar.com\/avatar\/904c59f13e83c883d372a665aeba617057e9c6c26fe32d7ede5efda61674352f?s=200&#038;d=mm&#038;r=g 2x' class='avatar avatar-100 photo' height='100' width='100' \/>\t\t\t\t\t<p>S WordPress som sa zozn\u00e1mila pred 4-mi rokmi a odvtedy sa mu amat\u00e9rsky venujem. Po vytvoren\u00ed prvej webstr\u00e1nky som sa za\u010dala zauj\u00edma\u0165 o to, ako WordPress vlastne funguje a ako si ho m\u00f4\u017eem upravi\u0165 na mieru. V\u010faka meetupom a \u0161koleniam som sa ho nau\u010dila nielen spr\u00e1vne nastavi\u0165, ale aj vytvori\u0165 vlastn\u00e9 t\u00e9my.<\/p>\n\t\t\t\t<\/div>\n\t\t\t<\/div>\n\n\t\t\n\t\t\t<div class=\"wcorg-organizer\">\n\t\t\t\t<h2>Miroslav Maru\u0161\u00e1k<\/h2>\n\t\t\t\t<div class=\"wcorg-organizer-description\">\n\t\t\t\t\t\t\t\t\t\t<img alt='' src='https:\/\/secure.gravatar.com\/avatar\/bdb435a0de8752ed1c1fef0d4c146547072bbbff89f807782f279236e6ce7a67?s=100&#038;d=mm&#038;r=g' srcset='https:\/\/secure.gravatar.com\/avatar\/bdb435a0de8752ed1c1fef0d4c146547072bbbff89f807782f279236e6ce7a67?s=200&#038;d=mm&#038;r=g 2x' class='avatar avatar-100 photo' height='100' width='100' \/>\t\t\t\t\t<p><span class=\"_5yl5\">Podnik\u00e1m a nebavilo ma st\u00e1le niekoho nah\u00e1\u0148a\u0165, aby mi vytvoril \u010di upravil webov\u00e9 str\u00e1nky. Zistil som, \u017ee WordPress vyu\u017e\u00edva mno\u017estvo spolo\u010dnost\u00ed, a tak som sa ho hlavne na \u017eilinsk\u00fdch meetupoch za\u010dal u\u010di\u0165 pou\u017e\u00edva\u0165. Najviac ma ho ale nau\u010dil nastavova\u0165 Patrik Priesol, ktor\u00fd je akt\u00edvnym \u010dlenom \u017eilinsk\u00e9ho WordPress t\u00edmu.<\/span><\/p>\n\t\t\t\t<\/div>\n\t\t\t<\/div>\n\n\t\t\n\t\t\t<div class=\"wcorg-organizer\">\n\t\t\t\t<h2>Zuzana Nov\u00e1kov\u00e1<\/h2>\n\t\t\t\t<div class=\"wcorg-organizer-description\">\n\t\t\t\t\t\t\t\t\t\t<img alt='' src='https:\/\/secure.gravatar.com\/avatar\/?s=100&#038;d=mm&#038;r=g' srcset='https:\/\/secure.gravatar.com\/avatar\/?s=200&#038;d=mm&#038;r=g 2x' class='avatar avatar-100 photo avatar-default' height='100' width='100' \/>\t\t\t\t\t\t\t\t\t<\/div>\n\t\t\t<\/div>\n\n\t\t\n\t<\/div><!-- .wcorg-organizers -->\n\t\n","protected":false},"excerpt":{"rendered":"","protected":false},"author":8748864,"featured_media":0,"parent":2,"menu_order":0,"comment_status":"closed","ping_status":"closed","template":"","meta":{"_crdt_document":"","jetpack_post_was_ever_published":false,"footnotes":""},"class_list":["post-151","page","type-page","status-publish","hentry"],"jetpack_sharing_enabled":true,"jetpack_shortlink":"https:\/\/wp.me\/P7HQ2k-2r","_links":{"self":[{"href":"https:\/\/zilina.wordcamp.org\/2016\/wp-json\/wp\/v2\/pages\/151","targetHints":{"allow":["GET"]}}],"collection":[{"href":"https:\/\/zilina.wordcamp.org\/2016\/wp-json\/wp\/v2\/pages"}],"about":[{"href":"https:\/\/zilina.wordcamp.org\/2016\/wp-json\/wp\/v2\/types\/page"}],"author":[{"embeddable":true,"href":"https:\/\/zilina.wordcamp.org\/2016\/wp-json\/wp\/v2\/users\/8748864"}],"replies":[{"embeddable":true,"href":"https:\/\/zilina.wordcamp.org\/2016\/wp-json\/wp\/v2\/comments?post=151"}],"version-history":[{"count":3,"href":"https:\/\/zilina.wordcamp.org\/2016\/wp-json\/wp\/v2\/pages\/151\/revisions"}],"predecessor-version":[{"id":306,"href":"https:\/\/zilina.wordcamp.org\/2016\/wp-json\/wp\/v2\/pages\/151\/revisions\/306"}],"up":[{"embeddable":true,"href":"https:\/\/zilina.wordcamp.org\/2016\/wp-json\/wp\/v2\/pages\/2"}],"wp:attachment":[{"href":"https:\/\/zilina.wordcamp.org\/2016\/wp-json\/wp\/v2\/media?parent=151"}],"curies":[{"name":"wp","href":"https:\/\/api.w.org\/{rel}","templated":true}]}}