{"id":540,"date":"2016-10-24T13:52:52","date_gmt":"2016-10-24T11:52:52","guid":{"rendered":"http:\/\/2016.zilina.wordcamp.org\/?page_id=540"},"modified":"2016-10-24T13:53:31","modified_gmt":"2016-10-24T11:53:31","slug":"medialni-partneri","status":"publish","type":"page","link":"https:\/\/zilina.wordcamp.org\/2016\/partneri\/medialni-partneri\/","title":{"rendered":"Medi\u00e1lni partneri"},"content":{"rendered":"<p style=\"text-align: center\"><strong>\u010eakujeme na\u0161\u00edm medi\u00e1lnym partnerom za podporu organiz\u00e1cie tohoro\u010dn\u00e9ho WordCampu v \u017diline:<\/strong><\/p>\n<p><a href=\"http:\/\/www.vzdelavaren.sk\"><img loading=\"lazy\" decoding=\"async\" class=\"alignnone wp-image-550 \" src=\"http:\/\/2016.zilina.wordcamp.org\/files\/2016\/10\/vzdelavaren-gule.png\" alt=\"vzdelavaren-gule\" width=\"329\" height=\"107\" \/><\/a><\/p>\n<p>\u0160kolenia a kurzy pre za\u010diato\u010dn\u00edkov i pokro\u010dil\u00fdch, jednotlivcov i firmy &#8211; tvorba www str\u00e1nok, programovanie webov\u00fdch str\u00e1nok, grafick\u00e9 kurzy, SEO a webov\u00e1 analytika, copywriting kurzy, WordPress kurzy, Woocommerce kurzy, Joomla kurzy, Mailchimp \u0161kolenia, mana\u017e\u00e9rske a komunika\u010dn\u00e9 \u0161kolenia pre firmy, obchodn\u00e9 zru\u010dnosti pre firmy.<\/p>\n<hr \/>\n<p><a href=\"http:\/\/www.robime.it\"><img loading=\"lazy\" decoding=\"async\" class=\"alignnone wp-image-548 size-full\" src=\"http:\/\/2016.zilina.wordcamp.org\/files\/2016\/10\/robime.it-logo.png\" alt=\"robime.it-logo\" width=\"300\" height=\"161\" \/><\/a><\/p>\n<p>Robime.it je port\u00e1l pre IT \u013eud\u00ed, ale aj pre t\u00fdch, ktor\u00ed s IT \u00fazko spolupracuj\u00fa \u2013 konzultanti, finan\u010dn\u00edci, obchodn\u00edci, personalisti, market\u00e9ri, apod. N\u00e1jdete u n\u00e1s pracovn\u00e9 ponuky, tipy a rady ako sa \u010falej posun\u00fa\u0165 v kari\u00e9re a poh\u013ead do sveta informa\u010dn\u00fdch technol\u00f3gii.<\/p>\n<hr \/>\n<p><a href=\"http:\/\/www.startitup.sk\"><img loading=\"lazy\" decoding=\"async\" class=\"alignnone size-medium wp-image-552\" src=\"http:\/\/2016.zilina.wordcamp.org\/files\/2016\/10\/startitup_logo-300x175.png\" alt=\"startitup_logo\" width=\"300\" height=\"175\" \/><\/a><\/p>\n<p>Startitup.sk je star\u00adtu\u00adpov\u00fd komu\u00adnitn\u00fd por\u00adt\u00e1l. Je \u0161tar\u00adto\u00adva\u00adcou \u010dia\u00adrou pre mno\u017e\u00adstvo mla\u00add\u00fdch \u013eud\u00ed. Tak\u00fdch, ktor\u00ed chc\u00fa zatrias\u0165 t\u00fdmto sve\u00adtom a\u00a0uk\u00e1\u00adza\u0165 \u017ee aj na Slo\u00adven\u00adsku a\u00a0v \u010cech\u00e1ch s\u00fa \u0161ikovn\u00ed \u013eudia. Star\u00adti\u00adtup je tak\u00adtie\u017e v\u00fdni\u00admo\u010dn\u00fd t\u00fdm, \u017ee je tu v\u0161etko zadarmo. Od n\u00e1j\u00adde\u00adnia kva\u00adlit\u00adn\u00e9ho fre\u00ade\u00adlan\u00adcera pre tvoj star\u00adtup, cez lis\u00adto\u00adva\u00adnie a\u00a0odpro\u00admo\u00adva\u00adnie tvojho star\u00adtupu a\u017e po mo\u017e\u00adnos\u0165 z\u00eds\u00adka\u0165 pra\u00adcovn\u00fa poz\u00edcu v\u00a0star\u00adtupe. To v\u0161etko a\u00a0mno\u017e\u00adstvo \u010fal\u00ad\u0161\u00edch fi\u010d\u00far n\u00e1j\u00adde\u0161 pod jed\u00adnou stre\u00adchou\u00a0na Startitup.sk.<\/p>\n<hr \/>\n<p><a href=\"http:\/\/www.zilinsky-kraj.sk\"><img loading=\"lazy\" decoding=\"async\" class=\"alignnone size-full wp-image-554\" src=\"http:\/\/2016.zilina.wordcamp.org\/files\/2016\/10\/logo-new.jpg\" alt=\"logo-new\" width=\"206\" height=\"112\" \/><\/a><\/p>\n<p>Tipy na v\u00fdlet, tipy na v\u00edkend, kult\u00fara a z\u00e1bava,\u00a0<span class=\"st\">akcie a podujatia v <em>kraji<\/em>, skanzeny, festivaly.<\/span><\/p>\n","protected":false},"excerpt":{"rendered":"<p>\u010eakujeme na\u0161\u00edm medi\u00e1lnym partnerom za podporu organiz\u00e1cie tohoro\u010dn\u00e9ho WordCampu v \u017diline: \u0160kolenia a kurzy pre za\u010diato\u010dn\u00edkov i pokro\u010dil\u00fdch, jednotlivcov i firmy &#8211; tvorba www str\u00e1nok, programovanie webov\u00fdch str\u00e1nok, grafick\u00e9 kurzy, SEO a webov\u00e1 analytika, copywriting kurzy, WordPress kurzy, Woocommerce kurzy, &hellip; <a href=\"https:\/\/zilina.wordcamp.org\/2016\/partneri\/medialni-partneri\/\">Pokra\u010dova\u0165 v \u010d\u00edtan\u00ed <span class=\"meta-nav\">&rarr;<\/span><\/a><\/p>\n","protected":false},"author":14386622,"featured_media":0,"parent":108,"menu_order":0,"comment_status":"closed","ping_status":"closed","template":"sidebar-page.php","meta":{"_crdt_document":"","jetpack_post_was_ever_published":false,"footnotes":""},"class_list":["post-540","page","type-page","status-publish","hentry"],"jetpack_sharing_enabled":true,"jetpack_shortlink":"https:\/\/wp.me\/P7HQ2k-8I","_links":{"self":[{"href":"https:\/\/zilina.wordcamp.org\/2016\/wp-json\/wp\/v2\/pages\/540","targetHints":{"allow":["GET"]}}],"collection":[{"href":"https:\/\/zilina.wordcamp.org\/2016\/wp-json\/wp\/v2\/pages"}],"about":[{"href":"https:\/\/zilina.wordcamp.org\/2016\/wp-json\/wp\/v2\/types\/page"}],"author":[{"embeddable":true,"href":"https:\/\/zilina.wordcamp.org\/2016\/wp-json\/wp\/v2\/users\/14386622"}],"replies":[{"embeddable":true,"href":"https:\/\/zilina.wordcamp.org\/2016\/wp-json\/wp\/v2\/comments?post=540"}],"version-history":[{"count":7,"href":"https:\/\/zilina.wordcamp.org\/2016\/wp-json\/wp\/v2\/pages\/540\/revisions"}],"predecessor-version":[{"id":555,"href":"https:\/\/zilina.wordcamp.org\/2016\/wp-json\/wp\/v2\/pages\/540\/revisions\/555"}],"up":[{"embeddable":true,"href":"https:\/\/zilina.wordcamp.org\/2016\/wp-json\/wp\/v2\/pages\/108"}],"wp:attachment":[{"href":"https:\/\/zilina.wordcamp.org\/2016\/wp-json\/wp\/v2\/media?parent=540"}],"curies":[{"name":"wp","href":"https:\/\/api.w.org\/{rel}","templated":true}]}}