{"id":87,"date":"2016-09-09T16:53:55","date_gmt":"2016-09-09T14:53:55","guid":{"rendered":"http:\/\/2016.zilina.wordcamp.org\/?page_id=87"},"modified":"2016-09-16T11:10:50","modified_gmt":"2016-09-16T09:10:50","slug":"program","status":"publish","type":"page","link":"https:\/\/zilina.wordcamp.org\/2016\/program\/","title":{"rendered":"Program"},"content":{"rendered":"<table class=\"wcpt-schedule\" border=\"0\"><thead><tr><th class=\"wcpt-col-time\">\u010cas<\/th><th class=\"wcpt-col-track\"> <span class=\"wcpt-track-name\"><\/span> <span class=\"wcpt-track-description\"><\/span> <\/th><\/tr><\/thead><tbody><tr class=\"wcpt-time-0830 global-session registrcia-astnkov\"><td class=\"wcpt-time\">08:30<\/td><td colspan=\"1\" class=\"wcpt-session-type-custom wcb-session-registracia-ucastnikov\" data-track-title=\"\" data-session-id=\"166\"><div class=\"wcb-session-cell-content\"><span class=\"wcpt-session-title\">Registr\u00e1cia \u00fa\u010dastn\u00edkov<\/span><\/div><\/td><\/tr><tr class=\"wcpt-time-0900 global-session ako-skbi-biznis-a-wordpress-komunitu\"><td class=\"wcpt-time\">09:00<\/td><td colspan=\"1\" class=\"wcb-speaker-peter-nemcok wcpt-session-type-session wcb-session-ako-sklbit-biznis-a-wordpress-komunitu\" data-track-title=\"\" data-session-id=\"407\"><div class=\"wcb-session-cell-content\"><a class=\"wcpt-session-title\" href=\"https:\/\/zilina.wordcamp.org\/2016\/session\/ako-sklbit-biznis-a-wordpress-komunitu\/\">Ako sk\u013abi\u0165 biznis a WordPress komunitu<\/a> <span class=\"wcpt-session-speakers\"><a href=\"https:\/\/zilina.wordcamp.org\/2016\/spikri\/#wcorg-speaker-peter-nemcok\">Peter Nem\u010dok<\/a><\/span><\/div><div class=\"wcb-session-favourite-icon\"><a href=\"#\" role=\"button\" class=\"fav-session-button\" aria-pressed=\"false\"><span class=\"screen-reader-text\">Favorite session: Ako sk\u013abi\u0165 biznis a WordPress komunitu<\/span><span class=\"dashicons dashicons-star-filled\"><\/span><\/a><\/div><\/td><\/tr><tr class=\"wcpt-time-0945 global-session nvrh-webu-jeho-tvorba-a-riadenie-projektu\"><td class=\"wcpt-time\">09:45<\/td><td colspan=\"1\" class=\"wcb-speaker-karol-voros wcpt-session-type-session wcb-session-navrh-webu-jeho-tvorba-a-riadenie-projektu\" data-track-title=\"\" data-session-id=\"242\"><div class=\"wcb-session-cell-content\"><a class=\"wcpt-session-title\" href=\"https:\/\/zilina.wordcamp.org\/2016\/session\/navrh-webu-jeho-tvorba-a-riadenie-projektu\/\">N\u00e1vrh webu, jeho tvorba a riadenie projektu<\/a> <span class=\"wcpt-session-speakers\"><a href=\"https:\/\/zilina.wordcamp.org\/2016\/spikri\/#wcorg-speaker-karol-voros\">Karol V\u00f6r\u00f6s<\/a><\/span><\/div><div class=\"wcb-session-favourite-icon\"><a href=\"#\" role=\"button\" class=\"fav-session-button\" aria-pressed=\"false\"><span class=\"screen-reader-text\">Favorite session: N\u00e1vrh webu, jeho tvorba a riadenie projektu<\/span><span class=\"dashicons dashicons-star-filled\"><\/span><\/a><\/div><\/td><\/tr><tr class=\"wcpt-time-1030 global-session prestvka\"><td class=\"wcpt-time\">10:30<\/td><td colspan=\"1\" class=\"wcpt-session-type-custom wcb-session-prestavka\" data-track-title=\"\" data-session-id=\"410\"><div class=\"wcb-session-cell-content\"><span class=\"wcpt-session-title\">Prest\u00e1vka<\/span><\/div><\/td><\/tr><tr class=\"wcpt-time-1045 global-session wordpress-ako-nstroj-marketingovej-komunikcie\"><td class=\"wcpt-time\">10:45<\/td><td colspan=\"1\" class=\"wcb-speaker-marek-kucak wcpt-session-type-session wcb-session-wordpress-ako-nastroj-marketingovej-komunikacie\" data-track-title=\"\" data-session-id=\"333\"><div class=\"wcb-session-cell-content\"><a class=\"wcpt-session-title\" href=\"https:\/\/zilina.wordcamp.org\/2016\/session\/wordpress-ako-nastroj-marketingovej-komunikacie\/\">WordPress ako n\u00e1stroj marketingovej komunik\u00e1cie<\/a> <span class=\"wcpt-session-speakers\"><a href=\"https:\/\/zilina.wordcamp.org\/2016\/spikri\/#wcorg-speaker-marek-kucak\">Marek Ku\u010d\u00e1k<\/a><\/span><\/div><div class=\"wcb-session-favourite-icon\"><a href=\"#\" role=\"button\" class=\"fav-session-button\" aria-pressed=\"false\"><span class=\"screen-reader-text\">Favorite session: WordPress ako n\u00e1stroj marketingovej komunik\u00e1cie<\/span><span class=\"dashicons dashicons-star-filled\"><\/span><\/a><\/div><\/td><\/tr><tr class=\"wcpt-time-1130 global-session 3-veci-ktor-mu-skomplikova-lensk-web-aj-e-shop\"><td class=\"wcpt-time\">11:30<\/td><td colspan=\"1\" class=\"wcb-speaker-peter-belko wcpt-session-type-session wcb-session-3-veci-ktore-mozu-skomplikovat-clensky-web-aj-e-shop\" data-track-title=\"\" data-session-id=\"375\"><div class=\"wcb-session-cell-content\"><a class=\"wcpt-session-title\" href=\"https:\/\/zilina.wordcamp.org\/2016\/session\/3-veci-ktore-mozu-skomplikovat-clensky-web-aj-e-shop\/\">3 veci, ktor\u00e9 m\u00f4\u017eu skomplikova\u0165 \u010dlensk\u00fd web aj e-shop<\/a> <span class=\"wcpt-session-speakers\"><a href=\"https:\/\/zilina.wordcamp.org\/2016\/spikri\/#wcorg-speaker-peter-belko\">Peter Belko<\/a><\/span><\/div><div class=\"wcb-session-favourite-icon\"><a href=\"#\" role=\"button\" class=\"fav-session-button\" aria-pressed=\"false\"><span class=\"screen-reader-text\">Favorite session: 3 veci, ktor\u00e9 m\u00f4\u017eu skomplikova\u0165 \u010dlensk\u00fd web aj e-shop<\/span><span class=\"dashicons dashicons-star-filled\"><\/span><\/a><\/div><\/td><\/tr><tr class=\"wcpt-time-1215 global-session obed\"><td class=\"wcpt-time\">12:15<\/td><td colspan=\"1\" class=\"wcpt-session-type-custom wcb-session-obed\" data-track-title=\"\" data-session-id=\"413\"><div class=\"wcb-session-cell-content\"><span class=\"wcpt-session-title\">Obed<\/span><\/div><\/td><\/tr><tr class=\"wcpt-time-1245 global-session ako-na-rchly-web\"><td class=\"wcpt-time\">12:45<\/td><td colspan=\"1\" class=\"wcb-speaker-katarina-novotna wcpt-session-type-session wcb-session-ako-na-rychly-web\" data-track-title=\"\" data-session-id=\"402\"><div class=\"wcb-session-cell-content\"><a class=\"wcpt-session-title\" href=\"https:\/\/zilina.wordcamp.org\/2016\/session\/ako-na-rychly-web\/\">Ako na r\u00fdchly web<\/a> <span class=\"wcpt-session-speakers\"><a href=\"https:\/\/zilina.wordcamp.org\/2016\/spikri\/#wcorg-speaker-katarina-novotna\">Katar\u00edna Novotn\u00e1<\/a><\/span><\/div><div class=\"wcb-session-favourite-icon\"><a href=\"#\" role=\"button\" class=\"fav-session-button\" aria-pressed=\"false\"><span class=\"screen-reader-text\">Favorite session: Ako na r\u00fdchly web<\/span><span class=\"dashicons dashicons-star-filled\"><\/span><\/a><\/div><\/td><\/tr><tr class=\"wcpt-time-1330 global-session wp-cron-a-rest-api\"><td class=\"wcpt-time\">13:30<\/td><td colspan=\"1\" class=\"wcb-speaker-martin-krcho wcpt-session-type-session wcb-session-wp-cron-a-rest-api\" data-track-title=\"\" data-session-id=\"313\"><div class=\"wcb-session-cell-content\"><a class=\"wcpt-session-title\" href=\"https:\/\/zilina.wordcamp.org\/2016\/session\/wp-cron-a-rest-api\/\">WP Cron a Rest API<\/a> <span class=\"wcpt-session-speakers\"><a href=\"https:\/\/zilina.wordcamp.org\/2016\/spikri\/#wcorg-speaker-martin-krcho\">Martin Krcho<\/a><\/span><\/div><div class=\"wcb-session-favourite-icon\"><a href=\"#\" role=\"button\" class=\"fav-session-button\" aria-pressed=\"false\"><span class=\"screen-reader-text\">Favorite session: WP Cron a Rest API<\/span><span class=\"dashicons dashicons-star-filled\"><\/span><\/a><\/div><\/td><\/tr><tr class=\"wcpt-time-1415 global-session sprav-si-wordpress-plugin\"><td class=\"wcpt-time\">14:15<\/td><td colspan=\"1\" class=\"wcb-speaker-roman-hraska wcpt-session-type-session wcb-session-sprav-si-wordpress-plugin\" data-track-title=\"\" data-session-id=\"342\"><div class=\"wcb-session-cell-content\"><a class=\"wcpt-session-title\" href=\"https:\/\/zilina.wordcamp.org\/2016\/session\/sprav-si-wordpress-plugin\/\">Sprav si WordPress plugin<\/a> <span class=\"wcpt-session-speakers\"><a href=\"https:\/\/zilina.wordcamp.org\/2016\/spikri\/#wcorg-speaker-roman-hraska\">Roman Hra\u0161ka<\/a><\/span><\/div><div class=\"wcb-session-favourite-icon\"><a href=\"#\" role=\"button\" class=\"fav-session-button\" aria-pressed=\"false\"><span class=\"screen-reader-text\">Favorite session: Sprav si WordPress plugin<\/span><span class=\"dashicons dashicons-star-filled\"><\/span><\/a><\/div><\/td><\/tr><tr class=\"wcpt-time-1530 global-session after-party\"><td class=\"wcpt-time\">15:30<\/td><td colspan=\"1\" class=\"wcpt-session-type-custom wcb-session-after-party\" data-track-title=\"\" data-session-id=\"622\"><div class=\"wcb-session-cell-content\"><span class=\"wcpt-session-title\">After party<\/span><\/div><\/td><\/tr><\/tbody><\/table>\n\t<div class=\"email-form fav-session-email-form-hide\">\n\t\t<!-- Tab links -->\n\t\t<div class=\"fav-session-share-tab\">\n\t\t\t\t\t\t\t<div class=\"fav-session-tablinks\" id=\"fav-session-btn-email\">\n\t\t\t\t\tEmail\t\t\t\t<\/div>\n\t\t\t\n\t\t\t<div class=\"fav-session-tablinks\" id=\"fav-session-btn-link\">\n\t\t\t\tOdkaz\t\t\t<\/div>\n\n\t\t\t<div class=\"fav-session-tablinks\" id=\"fav-session-btn-print\">\n\t\t\t\tTla\u010di\u0165\t\t\t<\/div>\n\t\t<\/div>\n\n\t\t<!-- Tab content -->\n\t\t\t\t\t<div id=\"fav-session-tab-email\" class=\"fav-session-share-tabcontent\">\n\t\t\t\t<div id=\"fav-session-email-form\">\n\t\t\t\t\tSend me my favorite sessions:\n\t\t\t\t\t<form id=\"fav-sessions-form\">\n\t\t\t\t\t\t<input\n\t\t\t\t\t\t\ttype=\"text\"\n\t\t\t\t\t\t\tname=\"email_address\"\n\t\t\t\t\t\t\tid=\"fav-sessions-email-address\"\n\t\t\t\t\t\t\tplaceholder=\"me@protonmail.com\"\n\t\t\t\t\t\t\/>\n\t\t\t\t\t\t<input type=\"submit\" value=\"Odosla\u0165\" \/>\n\t\t\t\t\t<\/form>\n\t\t\t\t<\/div>\n\n\t\t\t\t<div class=\"fav-session-email-wait-spinner\"><\/div>\n\t\t\t\t<div class=\"fav-session-email-result\"><\/div>\n\t\t\t<\/div>\n\t\t\n\t\t<div id=\"fav-session-tab-link\" class=\"fav-session-share-tabcontent\">\n\t\t\tShareable link:\t\t\t<br \/>\n\t\t\t<a id=\"fav-sessions-link\" href=\"\"><\/a>\n\t\t<\/div>\n\n\t\t<div id=\"fav-session-tab-print\" class=\"fav-session-share-tabcontent\">\n\t\t\t<button id=\"fav-session-print\">\n\t\t\t\tPrint favorite sessions\t\t\t<\/button>\n\t\t<\/div>\n\t<\/div>\n\n\t<a class=\"show-email-form\" href=\"javascript:\">\n\t\t<span class=\"dashicons dashicons-star-filled\"><\/span>\n\t\t<span class=\"dashicons dashicons-email-alt\"><\/span>\n\t<\/a>\n\n\t\n","protected":false},"excerpt":{"rendered":"","protected":false},"author":15047330,"featured_media":0,"parent":0,"menu_order":0,"comment_status":"closed","ping_status":"closed","template":"sidebar-page.php","meta":{"_crdt_document":"","jetpack_post_was_ever_published":false,"footnotes":""},"class_list":["post-87","page","type-page","status-publish","hentry"],"jetpack_sharing_enabled":true,"jetpack_shortlink":"https:\/\/wp.me\/P7HQ2k-1p","_links":{"self":[{"href":"https:\/\/zilina.wordcamp.org\/2016\/wp-json\/wp\/v2\/pages\/87","targetHints":{"allow":["GET"]}}],"collection":[{"href":"https:\/\/zilina.wordcamp.org\/2016\/wp-json\/wp\/v2\/pages"}],"about":[{"href":"https:\/\/zilina.wordcamp.org\/2016\/wp-json\/wp\/v2\/types\/page"}],"author":[{"embeddable":true,"href":"https:\/\/zilina.wordcamp.org\/2016\/wp-json\/wp\/v2\/users\/15047330"}],"replies":[{"embeddable":true,"href":"https:\/\/zilina.wordcamp.org\/2016\/wp-json\/wp\/v2\/comments?post=87"}],"version-history":[{"count":4,"href":"https:\/\/zilina.wordcamp.org\/2016\/wp-json\/wp\/v2\/pages\/87\/revisions"}],"predecessor-version":[{"id":184,"href":"https:\/\/zilina.wordcamp.org\/2016\/wp-json\/wp\/v2\/pages\/87\/revisions\/184"}],"wp:attachment":[{"href":"https:\/\/zilina.wordcamp.org\/2016\/wp-json\/wp\/v2\/media?parent=87"}],"curies":[{"name":"wp","href":"https:\/\/api.w.org\/{rel}","templated":true}]}}